{"id":11,"date":"2015-09-18T21:39:49","date_gmt":"2015-09-18T21:39:49","guid":{"rendered":"http:\/\/saocristovaofuneraria.com.br\/?page_id=11"},"modified":"2021-10-12T17:20:50","modified_gmt":"2021-10-12T17:20:50","slug":"plano-para-igrejas","status":"publish","type":"page","link":"https:\/\/saocristovaofuneraria.com.br\/index.php\/planos-funerarios\/plano-para-igrejas\/","title":{"rendered":"Plano para Igrejas"},"content":{"rendered":"<p>A <strong>Assist\u00eancia Funer\u00e1ria BH Minas<\/strong> disponibiliza servi\u00e7os de assist\u00eancia funer\u00e1ria para igrejas, com pre\u00e7os coletivos e diferenciados, proporcionando benef\u00edcios para todos os membros da sua igreja ou associa\u00e7\u00e3o com custos econ\u00f4micos.<\/p>\n<p><img loading=\"lazy\" decoding=\"async\" class=\"alignleft wp-image-306 size-thumbnail\" src=\"http:\/\/saocristovaofuneraria.com.br\/wp-content\/uploads\/2021\/10\/img44-150x150.png\" alt=\"\" width=\"150\" height=\"150\" srcset=\"https:\/\/saocristovaofuneraria.com.br\/wp-content\/uploads\/2021\/10\/img44-150x150.png 150w, https:\/\/saocristovaofuneraria.com.br\/wp-content\/uploads\/2021\/10\/img44.png 300w\" sizes=\"(max-width: 150px) 100vw, 150px\" \/>Nossa assist\u00eancia funer\u00e1ria\u00a0inclui:<\/p>\n<p>\u2013 Servi\u00e7os funer\u00e1rios com plant\u00e3o 24h por dia<br \/>\n\u2013 Profissionais qualificados e treinados para atendimento \u00e1gil<br \/>\n\u2013 Frota exclusiva para traslados<br \/>\n\u2013 Padr\u00f5es de Urnas conforme tipo de Plano.<\/p>\n<p>&nbsp;<\/p>\n<p><a href=\"http:\/\/saocristovaofuneraria.com.br\/index.php\/contatos\/\">Consulte-nos sobre pre\u00e7os de plano\u00a0para a sua igreja ou associa\u00e7\u00e3o<\/a>.<\/p>\n<p><a href=\"http:\/\/saocristovaofuneraria.com.br\/index.php\/contatos\/\"><img loading=\"lazy\" decoding=\"async\" class=\"alignleft wp-image-375 size-full\" src=\"http:\/\/saocristovaofuneraria.com.br\/wp-content\/uploads\/2021\/10\/banner5.jpg\" alt=\"\" width=\"900\" height=\"368\" srcset=\"https:\/\/saocristovaofuneraria.com.br\/wp-content\/uploads\/2021\/10\/banner5.jpg 900w, https:\/\/saocristovaofuneraria.com.br\/wp-content\/uploads\/2021\/10\/banner5-300x123.jpg 300w, https:\/\/saocristovaofuneraria.com.br\/wp-content\/uploads\/2021\/10\/banner5-768x314.jpg 768w\" sizes=\"(max-width: 900px) 100vw, 900px\" \/><\/a><\/p>\n","protected":false},"excerpt":{"rendered":"<p>Proporcione cobertura de servi\u00e7os funer\u00e1rios para todos os membros da sua igreja ou associa\u00e7\u00e3o, com baixo custo final e economia!<\/p>\n","protected":false},"author":1,"featured_media":0,"parent":110,"menu_order":2,"comment_status":"closed","ping_status":"closed","template":"","meta":{"footnotes":""},"_links":{"self":[{"href":"https:\/\/saocristovaofuneraria.com.br\/index.php\/wp-json\/wp\/v2\/pages\/11"}],"collection":[{"href":"https:\/\/saocristovaofuneraria.com.br\/index.php\/wp-json\/wp\/v2\/pages"}],"about":[{"href":"https:\/\/saocristovaofuneraria.com.br\/index.php\/wp-json\/wp\/v2\/types\/page"}],"author":[{"embeddable":true,"href":"https:\/\/saocristovaofuneraria.com.br\/index.php\/wp-json\/wp\/v2\/users\/1"}],"replies":[{"embeddable":true,"href":"https:\/\/saocristovaofuneraria.com.br\/index.php\/wp-json\/wp\/v2\/comments?post=11"}],"version-history":[{"count":15,"href":"https:\/\/saocristovaofuneraria.com.br\/index.php\/wp-json\/wp\/v2\/pages\/11\/revisions"}],"predecessor-version":[{"id":386,"href":"https:\/\/saocristovaofuneraria.com.br\/index.php\/wp-json\/wp\/v2\/pages\/11\/revisions\/386"}],"up":[{"embeddable":true,"href":"https:\/\/saocristovaofuneraria.com.br\/index.php\/wp-json\/wp\/v2\/pages\/110"}],"wp:attachment":[{"href":"https:\/\/saocristovaofuneraria.com.br\/index.php\/wp-json\/wp\/v2\/media?parent=11"}],"curies":[{"name":"wp","href":"https:\/\/api.w.org\/{rel}","templated":true}]}}