{"id":110,"date":"2015-09-19T17:03:19","date_gmt":"2015-09-19T17:03:19","guid":{"rendered":"http:\/\/saocristovaofuneraria.com.br\/?page_id=110"},"modified":"2021-10-12T17:08:07","modified_gmt":"2021-10-12T17:08:07","slug":"planos-funerarios","status":"publish","type":"page","link":"https:\/\/saocristovaofuneraria.com.br\/index.php\/planos-funerarios\/","title":{"rendered":"Planos funer\u00e1rios"},"content":{"rendered":"<h2>Planos de Assist\u00eancia funer\u00e1ria<\/h2>\n<p>Clique abaixo e selecione o Planos Funer\u00e1rio familiar, individual ou para sua empresas ou igreja:<\/p>\n<p><img loading=\"lazy\" decoding=\"async\" class=\"alignleft wp-image-302 size-thumbnail\" src=\"http:\/\/saocristovaofuneraria.com.br\/wp-content\/uploads\/2021\/10\/img00-150x150.png\" alt=\"\" width=\"150\" height=\"150\" srcset=\"https:\/\/saocristovaofuneraria.com.br\/wp-content\/uploads\/2021\/10\/img00-150x150.png 150w, https:\/\/saocristovaofuneraria.com.br\/wp-content\/uploads\/2021\/10\/img00.png 300w\" sizes=\"(max-width: 150px) 100vw, 150px\" \/>Clique e conhe\u00e7a nossos planos:<\/p>\n<p><strong><a href=\"http:\/\/saocristovaofuneraria.com.br\/index.php\/planos-funerarios\/plano-familiar\/\">Plano Familiar<\/a><\/strong><br \/>\n<strong><a href=\"http:\/\/saocristovaofuneraria.com.br\/index.php\/planos-funerarios\/planos-individuais\/\">Plano Individual<\/a><\/strong><br \/>\n<strong><a href=\"http:\/\/saocristovaofuneraria.com.br\/index.php\/planos-funerarios\/plano-para-igrejas\/\">Plano Para Igrejas e associa\u00e7\u00f5es<\/a><\/strong><br \/>\n<strong><a href=\"http:\/\/saocristovaofuneraria.com.br\/index.php\/planos-funerarios\/planos-empresariais\/\">Plano para Empresa<\/a><\/strong><\/p>\n<p>&nbsp;<\/p>\n<p><strong>(31) 3372-3734 \/ (31) 3379-8900<\/strong><br \/>\nE-mail: <a href=\"mailto:atendimentobhminas@hotmail.com\">atendimentobhminas@hotmail.com<\/a><\/p>\n<p><a href=\"http:\/\/saocristovaofuneraria.com.br\/index.php\/contatos\/\"><img loading=\"lazy\" decoding=\"async\" class=\"alignleft wp-image-368 size-full\" src=\"http:\/\/saocristovaofuneraria.com.br\/wp-content\/uploads\/2021\/10\/banner4.jpg\" alt=\"\" width=\"900\" height=\"368\" srcset=\"https:\/\/saocristovaofuneraria.com.br\/wp-content\/uploads\/2021\/10\/banner4.jpg 900w, https:\/\/saocristovaofuneraria.com.br\/wp-content\/uploads\/2021\/10\/banner4-300x123.jpg 300w, https:\/\/saocristovaofuneraria.com.br\/wp-content\/uploads\/2021\/10\/banner4-768x314.jpg 768w\" sizes=\"(max-width: 900px) 100vw, 900px\" \/><\/a><\/p>\n","protected":false},"excerpt":{"rendered":"<p>Planos de Assist\u00eancia funer\u00e1ria familiares, individuais, para empresas ou igrejas.<\/p>\n","protected":false},"author":1,"featured_media":0,"parent":0,"menu_order":2,"comment_status":"closed","ping_status":"closed","template":"","meta":{"footnotes":""},"_links":{"self":[{"href":"https:\/\/saocristovaofuneraria.com.br\/index.php\/wp-json\/wp\/v2\/pages\/110"}],"collection":[{"href":"https:\/\/saocristovaofuneraria.com.br\/index.php\/wp-json\/wp\/v2\/pages"}],"about":[{"href":"https:\/\/saocristovaofuneraria.com.br\/index.php\/wp-json\/wp\/v2\/types\/page"}],"author":[{"embeddable":true,"href":"https:\/\/saocristovaofuneraria.com.br\/index.php\/wp-json\/wp\/v2\/users\/1"}],"replies":[{"embeddable":true,"href":"https:\/\/saocristovaofuneraria.com.br\/index.php\/wp-json\/wp\/v2\/comments?post=110"}],"version-history":[{"count":13,"href":"https:\/\/saocristovaofuneraria.com.br\/index.php\/wp-json\/wp\/v2\/pages\/110\/revisions"}],"predecessor-version":[{"id":371,"href":"https:\/\/saocristovaofuneraria.com.br\/index.php\/wp-json\/wp\/v2\/pages\/110\/revisions\/371"}],"wp:attachment":[{"href":"https:\/\/saocristovaofuneraria.com.br\/index.php\/wp-json\/wp\/v2\/media?parent=110"}],"curies":[{"name":"wp","href":"https:\/\/api.w.org\/{rel}","templated":true}]}}