{"id":15,"date":"2015-09-18T21:41:46","date_gmt":"2015-09-18T21:41:46","guid":{"rendered":"http:\/\/saocristovaofuneraria.com.br\/?page_id=15"},"modified":"2021-10-12T17:20:21","modified_gmt":"2021-10-12T17:20:21","slug":"planos-empresariais","status":"publish","type":"page","link":"https:\/\/saocristovaofuneraria.com.br\/index.php\/planos-funerarios\/planos-empresariais\/","title":{"rendered":"Planos empresariais"},"content":{"rendered":"<p>A <strong>BH Minas<\/strong> disponibiliza servi\u00e7os de assist\u00eancia funer\u00e1ria para empresas, com\u00a0pre\u00e7os coletivos e diferenciados, proporcionando\u00a0benef\u00edcios para todos os seus colaboradores\u00a0por\u00a0custo econ\u00f4mico.<\/p>\n<p><img loading=\"lazy\" decoding=\"async\" class=\"alignleft wp-image-304 size-thumbnail\" src=\"http:\/\/saocristovaofuneraria.com.br\/wp-content\/uploads\/2021\/10\/img55-150x150.png\" alt=\"\" width=\"150\" height=\"150\" srcset=\"https:\/\/saocristovaofuneraria.com.br\/wp-content\/uploads\/2021\/10\/img55-150x150.png 150w, https:\/\/saocristovaofuneraria.com.br\/wp-content\/uploads\/2021\/10\/img55.png 300w\" sizes=\"(max-width: 150px) 100vw, 150px\" \/>Nossa assist\u00eancia funer\u00e1ria\u00a0inclui:<\/p>\n<p>\u2013 Servi\u00e7os funer\u00e1rios com plant\u00e3o 24h por dia<br \/>\n\u2013 Profissionais qualificados e treinados para atendimento \u00e1gil<br \/>\n\u2013 Frota exclusiva para traslados<br \/>\n\u2013 Padr\u00f5es de Urnas conforme tipo de Plano.<\/p>\n<p>&nbsp;<\/p>\n<p><a href=\"http:\/\/saocristovaofuneraria.com.br\/index.php\/contatos\/\">Consulte-nos sobre pre\u00e7os de plano\u00a0para a sua empresa<\/a> ou organiza\u00e7\u00e3o.<\/p>\n<p><a href=\"http:\/\/saocristovaofuneraria.com.br\/index.php\/contatos\/\"><img loading=\"lazy\" decoding=\"async\" class=\"alignleft wp-image-368 size-full\" src=\"http:\/\/saocristovaofuneraria.com.br\/wp-content\/uploads\/2021\/10\/banner4.jpg\" alt=\"\" width=\"900\" height=\"368\" srcset=\"https:\/\/saocristovaofuneraria.com.br\/wp-content\/uploads\/2021\/10\/banner4.jpg 900w, https:\/\/saocristovaofuneraria.com.br\/wp-content\/uploads\/2021\/10\/banner4-300x123.jpg 300w, https:\/\/saocristovaofuneraria.com.br\/wp-content\/uploads\/2021\/10\/banner4-768x314.jpg 768w\" sizes=\"(max-width: 900px) 100vw, 900px\" \/><\/a><\/p>\n","protected":false},"excerpt":{"rendered":"<p>Assist\u00eancia funer\u00e1ria com pre\u00e7os diferenciados: mais benef\u00edcios para seus colaboradores,  sem impactar o or\u00e7amento da sua empresa!<\/p>\n","protected":false},"author":1,"featured_media":0,"parent":110,"menu_order":3,"comment_status":"closed","ping_status":"closed","template":"","meta":{"footnotes":""},"_links":{"self":[{"href":"https:\/\/saocristovaofuneraria.com.br\/index.php\/wp-json\/wp\/v2\/pages\/15"}],"collection":[{"href":"https:\/\/saocristovaofuneraria.com.br\/index.php\/wp-json\/wp\/v2\/pages"}],"about":[{"href":"https:\/\/saocristovaofuneraria.com.br\/index.php\/wp-json\/wp\/v2\/types\/page"}],"author":[{"embeddable":true,"href":"https:\/\/saocristovaofuneraria.com.br\/index.php\/wp-json\/wp\/v2\/users\/1"}],"replies":[{"embeddable":true,"href":"https:\/\/saocristovaofuneraria.com.br\/index.php\/wp-json\/wp\/v2\/comments?post=15"}],"version-history":[{"count":11,"href":"https:\/\/saocristovaofuneraria.com.br\/index.php\/wp-json\/wp\/v2\/pages\/15\/revisions"}],"predecessor-version":[{"id":385,"href":"https:\/\/saocristovaofuneraria.com.br\/index.php\/wp-json\/wp\/v2\/pages\/15\/revisions\/385"}],"up":[{"embeddable":true,"href":"https:\/\/saocristovaofuneraria.com.br\/index.php\/wp-json\/wp\/v2\/pages\/110"}],"wp:attachment":[{"href":"https:\/\/saocristovaofuneraria.com.br\/index.php\/wp-json\/wp\/v2\/media?parent=15"}],"curies":[{"name":"wp","href":"https:\/\/api.w.org\/{rel}","templated":true}]}}