{"id":27,"date":"2015-09-18T23:37:37","date_gmt":"2015-09-18T23:37:37","guid":{"rendered":"http:\/\/saocristovaofuneraria.com.br\/?page_id=27"},"modified":"2021-10-12T17:08:20","modified_gmt":"2021-10-12T17:08:20","slug":"empresa","status":"publish","type":"page","link":"https:\/\/saocristovaofuneraria.com.br\/index.php\/empresa\/","title":{"rendered":"Empresa"},"content":{"rendered":"<p>O <strong>Grupo Funer\u00e1ria BH Minas<\/strong> possui experi\u00eancia de mais de duas d\u00e9cadas de atua\u00e7\u00e3o no segmento funer\u00e1rio, sendo atualmente projetado como uma das mais das conceituadas e s\u00f3lidas empresas do setor no Pa\u00eds.<\/p>\n<p><img loading=\"lazy\" decoding=\"async\" class=\"alignleft size-thumbnail wp-image-304\" src=\"http:\/\/saocristovaofuneraria.com.br\/wp-content\/uploads\/2021\/10\/img55-150x150.png\" alt=\"\" width=\"150\" height=\"150\" srcset=\"https:\/\/saocristovaofuneraria.com.br\/wp-content\/uploads\/2021\/10\/img55-150x150.png 150w, https:\/\/saocristovaofuneraria.com.br\/wp-content\/uploads\/2021\/10\/img55.png 300w\" sizes=\"(max-width: 150px) 100vw, 150px\" \/>Com sede pr\u00f3pria e unidades de atendimento padronizadas em Belo Horizonte, a empresa mant\u00e9m lojas com amplas e confort\u00e1veis instala\u00e7\u00f5es e infra estrutura robusta, incluindo centrais de atendimento equipadas com moderno Call Center para atendimento 24h.<\/p>\n<p>A empresa se destaca ainda por agentes funer\u00e1rios experientes e treinados para oferecer com efici\u00eancia e agilidade, servi\u00e7os de alta qualidade.<br \/>\nAl\u00e9m de servi\u00e7os funer\u00e1rias especializados, a empresa disponibiliza ainda um dos mais completos e reconhecidos planos de assist\u00eancia funeraria de Minas Gerais.<\/p>\n<p>A ampla experi\u00eancia no setor qualifica ainda a empresa para atuar em tr\u00e2mites burocr\u00e1ticos em todas as etapas inerentes ao \u00f3bito, incluindo despachos e autoriza\u00e7\u00f5es para remo\u00e7\u00f5es, traslados , sepultamentos e crema\u00e7\u00f5es, seja em territ\u00f3rio nacional ou no exterior.<\/p>\n<p style=\"text-align: justify;\"><strong>Conte com a garantia do Grupo Funer\u00e1rio BH Minas.<\/strong><\/p>\n<div class=\"su-spoiler su-spoiler-style-fancy su-spoiler-icon-arrow-circle-1 su-spoiler-closed\" data-scroll-offset=\"0\" data-anchor-in-url=\"no\"><div class=\"su-spoiler-title\" tabindex=\"0\" role=\"button\"><span class=\"su-spoiler-icon\"><\/span>Nosso endere\u00e7o:<\/div><div class=\"su-spoiler-content su-u-clearfix su-u-trim\">\n<p>Rua Cecildes Moreira Faria, 135 &#8211; Nova Gameleira &#8211; Belo Horizonte &#8211; MG | CEP : 30510-250<\/p>\n<p><iframe loading=\"lazy\" style=\"border: 0;\" src=\"https:\/\/www.google.com\/maps\/embed?pb=!1m18!1m12!1m3!1d3750.604727177192!2d-43.997078685085164!3d-19.94105498659759!2m3!1f0!2f0!3f0!3m2!1i1024!2i768!4f13.1!3m3!1m2!1s0xa69644d217b179%3A0xa0733d357c7c03ca!2sFuner%C3%A1ria%20BH%20MINAS!5e0!3m2!1spt-BR!2sbr!4v1633985668301!5m2!1spt-BR!2sbr\" width=\"600\" height=\"450\" allowfullscreen=\"allowfullscreen\"><\/iframe><\/p>\n<\/div><\/div>\n<p style=\"text-align: justify;\"><strong>Bh Minas: ao seu lado nos momentos mais dif\u00edceis.<\/strong><\/p>\n<p><img loading=\"lazy\" decoding=\"async\" class=\"aligncenter wp-image-261 size-full\" src=\"http:\/\/saocristovaofuneraria.com.br\/wp-content\/uploads\/2021\/10\/logomarca_funeraria.jpg\" alt=\"Funer\u00e1ria BH Minas\" width=\"215\" height=\"53\" \/><\/p>\n<p><a href=\"http:\/\/saocristovaofuneraria.com.br\/index.php\/contatos\/\"><img loading=\"lazy\" decoding=\"async\" class=\"alignleft wp-image-368 size-full\" src=\"http:\/\/saocristovaofuneraria.com.br\/wp-content\/uploads\/2021\/10\/banner4.jpg\" alt=\"\" width=\"900\" height=\"368\" srcset=\"https:\/\/saocristovaofuneraria.com.br\/wp-content\/uploads\/2021\/10\/banner4.jpg 900w, https:\/\/saocristovaofuneraria.com.br\/wp-content\/uploads\/2021\/10\/banner4-300x123.jpg 300w, https:\/\/saocristovaofuneraria.com.br\/wp-content\/uploads\/2021\/10\/banner4-768x314.jpg 768w\" sizes=\"(max-width: 900px) 100vw, 900px\" \/><\/a><\/p>\n","protected":false},"excerpt":{"rendered":"<p>O Grupo Funer\u00e1rio BH MInas tem mais de 3 d\u00e9cadas de atua\u00e7\u00e3o no segmento funer\u00e1rio.<\/p>\n","protected":false},"author":1,"featured_media":0,"parent":0,"menu_order":5,"comment_status":"closed","ping_status":"closed","template":"","meta":{"footnotes":""},"_links":{"self":[{"href":"https:\/\/saocristovaofuneraria.com.br\/index.php\/wp-json\/wp\/v2\/pages\/27"}],"collection":[{"href":"https:\/\/saocristovaofuneraria.com.br\/index.php\/wp-json\/wp\/v2\/pages"}],"about":[{"href":"https:\/\/saocristovaofuneraria.com.br\/index.php\/wp-json\/wp\/v2\/types\/page"}],"author":[{"embeddable":true,"href":"https:\/\/saocristovaofuneraria.com.br\/index.php\/wp-json\/wp\/v2\/users\/1"}],"replies":[{"embeddable":true,"href":"https:\/\/saocristovaofuneraria.com.br\/index.php\/wp-json\/wp\/v2\/comments?post=27"}],"version-history":[{"count":16,"href":"https:\/\/saocristovaofuneraria.com.br\/index.php\/wp-json\/wp\/v2\/pages\/27\/revisions"}],"predecessor-version":[{"id":372,"href":"https:\/\/saocristovaofuneraria.com.br\/index.php\/wp-json\/wp\/v2\/pages\/27\/revisions\/372"}],"wp:attachment":[{"href":"https:\/\/saocristovaofuneraria.com.br\/index.php\/wp-json\/wp\/v2\/media?parent=27"}],"curies":[{"name":"wp","href":"https:\/\/api.w.org\/{rel}","templated":true}]}}