{"id":4,"date":"2015-09-18T19:14:33","date_gmt":"2015-09-18T19:14:33","guid":{"rendered":"http:\/\/saocristovaofuneraria.com.br\/?page_id=4"},"modified":"2021-10-12T17:09:51","modified_gmt":"2021-10-12T17:09:51","slug":"servicos-funerarios","status":"publish","type":"page","link":"https:\/\/saocristovaofuneraria.com.br\/index.php\/servicos-funerarios\/","title":{"rendered":"Servi\u00e7os funer\u00e1rios"},"content":{"rendered":"<p>Servi\u00e7os funer\u00e1rios e produtos oferecidos pela Assist\u00eancia <strong>Funer\u00e1ria BH MINAS<\/strong>:<\/p>\n<h2>ATENDIMENTO 24 HORAS<\/h2>\n<div class=\"su-note\"  style=\"border-color:#d6d6d6;border-radius:3px;-moz-border-radius:3px;-webkit-border-radius:3px;\"><div class=\"su-note-inner su-u-clearfix su-u-trim\" style=\"background-color:#F0F0F0;border-color:#ffffff;color:#333333;border-radius:3px;-moz-border-radius:3px;-webkit-border-radius:3px;\">\n<p><img loading=\"lazy\" decoding=\"async\" class=\"alignleft wp-image-304 size-thumbnail\" src=\"http:\/\/saocristovaofuneraria.com.br\/wp-content\/uploads\/2021\/10\/img55-150x150.png\" alt=\"\" width=\"150\" height=\"150\" srcset=\"https:\/\/saocristovaofuneraria.com.br\/wp-content\/uploads\/2021\/10\/img55-150x150.png 150w, https:\/\/saocristovaofuneraria.com.br\/wp-content\/uploads\/2021\/10\/img55.png 300w\" sizes=\"(max-width: 150px) 100vw, 150px\" \/>Nossa equipe trabalha 24 horas em cinco centrais de atendimento, com moderno call center para prestar atendimento imediato e de qualidade, atendendo com absoluta agilidade chamadas em domic\u00edlio, hospitais ou em nossas empresas dia e noite.<br \/>\n<\/div><\/div>\n<h2>PLANOS DE ASSIST\u00caNCIA FUNERAL<\/h2>\n<div class=\"su-note\"  style=\"border-color:#d6d6d6;border-radius:3px;-moz-border-radius:3px;-webkit-border-radius:3px;\"><div class=\"su-note-inner su-u-clearfix su-u-trim\" style=\"background-color:#F0F0F0;border-color:#ffffff;color:#333333;border-radius:3px;-moz-border-radius:3px;-webkit-border-radius:3px;\">\n<p><img loading=\"lazy\" decoding=\"async\" class=\"alignleft wp-image-302 size-thumbnail\" src=\"http:\/\/saocristovaofuneraria.com.br\/wp-content\/uploads\/2021\/10\/img00-150x150.png\" alt=\"\" width=\"150\" height=\"150\" srcset=\"https:\/\/saocristovaofuneraria.com.br\/wp-content\/uploads\/2021\/10\/img00-150x150.png 150w, https:\/\/saocristovaofuneraria.com.br\/wp-content\/uploads\/2021\/10\/img00.png 300w\" sizes=\"(max-width: 150px) 100vw, 150px\" \/>Nossa empresa oferece diversas op\u00e7\u00f5es de planos de assist\u00eancia funer\u00e1ria: <a href=\"http:\/\/saocristovaofuneraria.com.br\/index.php\/excelencia-em-servicos\/\">Planos Familiares<\/a>, <a href=\"http:\/\/saocristovaofuneraria.com.br\/index.php\/planos-funerarios\/planos-individuais\/\">Planos Individuais<\/a> , <a href=\"http:\/\/saocristovaofuneraria.com.br\/index.php\/planos-funerarios\/plano-para-igrejas\/\">Planos para Igrejas<\/a> ou \u00a0<a href=\"http:\/\/saocristovaofuneraria.com.br\/index.php\/planos-funerarios\/planos-empresariais\/\">Planos para Empresas<\/a> e demais entidades.<br \/>\nSempre pelos menores pre\u00e7os do mercado e com diferencial de qualidade e alto padr\u00e3o de atendimento.<\/p>\n<\/div><\/div>]\n<h2>FUNERAIS MUNICIPAIS, ESTADUAIS e INTERNACIONAIS<\/h2>\n<div class=\"su-note\"  style=\"border-color:#d6d6d6;border-radius:3px;-moz-border-radius:3px;-webkit-border-radius:3px;\"><div class=\"su-note-inner su-u-clearfix su-u-trim\" style=\"background-color:#F0F0F0;border-color:#ffffff;color:#333333;border-radius:3px;-moz-border-radius:3px;-webkit-border-radius:3px;\">\n<p><img loading=\"lazy\" decoding=\"async\" class=\"alignleft wp-image-300 size-thumbnail\" src=\"http:\/\/saocristovaofuneraria.com.br\/wp-content\/uploads\/2021\/10\/img11-150x150.png\" alt=\"\" width=\"150\" height=\"150\" srcset=\"https:\/\/saocristovaofuneraria.com.br\/wp-content\/uploads\/2021\/10\/img11-150x150.png 150w, https:\/\/saocristovaofuneraria.com.br\/wp-content\/uploads\/2021\/10\/img11.png 300w\" sizes=\"(max-width: 150px) 100vw, 150px\" \/>Realizamos remo\u00e7\u00f5es e traslados com agilidade absoluta para qualquer local do Brasil ou do exterior, 24 horas. Todos os nossos servi\u00e7os tem a garantia do <strong><a href=\"http:\/\/saocristovaofuneraria.com.br\/index.php\/empresa\/\">Grupo Funer\u00e1ria BH Minas<\/a><\/strong>, que possui mais de duas d\u00e9cadas de experi\u00eancia em translado e remo\u00e7\u00f5es.<\/p>\n<\/div><\/div>]\n<h2>URNAS MORTU\u00c1RIAS E PARAMENTOS<\/h2>\n<div class=\"su-note\"  style=\"border-color:#d6d6d6;border-radius:3px;-moz-border-radius:3px;-webkit-border-radius:3px;\"><div class=\"su-note-inner su-u-clearfix su-u-trim\" style=\"background-color:#F0F0F0;border-color:#ffffff;color:#333333;border-radius:3px;-moz-border-radius:3px;-webkit-border-radius:3px;\">\n<p><img loading=\"lazy\" decoding=\"async\" class=\"alignleft wp-image-301 size-thumbnail\" src=\"http:\/\/saocristovaofuneraria.com.br\/wp-content\/uploads\/2021\/10\/img05-150x150.png\" alt=\"\" width=\"150\" height=\"150\" srcset=\"https:\/\/saocristovaofuneraria.com.br\/wp-content\/uploads\/2021\/10\/img05-150x150.png 150w, https:\/\/saocristovaofuneraria.com.br\/wp-content\/uploads\/2021\/10\/img05.png 300w\" sizes=\"(max-width: 150px) 100vw, 150px\" \/>Nossa empresa disponibiliza cat\u00e1logo completo de modelos de urnas, oferecendo desde urnas simples, at\u00e9 modelos de urnas zincadas, luxo e super luxo e urnas especioais para traslados internacionais. Temos paramentos adequados para atender a todos os credos e religi\u00f5es, inclusive a celebra\u00e7\u00f5es crist\u00e3s e judaicas.<\/p>\n<\/div><\/div>\n<h2>FROTA PR\u00d3PRIA<\/h2>\n<div class=\"su-note\"  style=\"border-color:#d6d6d6;border-radius:3px;-moz-border-radius:3px;-webkit-border-radius:3px;\"><div class=\"su-note-inner su-u-clearfix su-u-trim\" style=\"background-color:#F0F0F0;border-color:#ffffff;color:#333333;border-radius:3px;-moz-border-radius:3px;-webkit-border-radius:3px;\">\n<p><img loading=\"lazy\" decoding=\"async\" class=\"alignleft wp-image-299 size-thumbnail\" src=\"http:\/\/saocristovaofuneraria.com.br\/wp-content\/uploads\/2021\/10\/img35-150x150.png\" alt=\"\" width=\"150\" height=\"150\" srcset=\"https:\/\/saocristovaofuneraria.com.br\/wp-content\/uploads\/2021\/10\/img35-150x150.png 150w, https:\/\/saocristovaofuneraria.com.br\/wp-content\/uploads\/2021\/10\/img35.png 300w\" sizes=\"(max-width: 150px) 100vw, 150px\" \/>Nossa frota \u00e9 composta por viaturas modernas e adequados para para quaisquer tipos de cortejos ou remo\u00e7\u00f5es, imprimindo ainda mais dignidade ao rito do \u00faltimo adeus.<\/p>\n<\/div><\/div>\n<h2>SEPULTAMENTO, CREMA\u00c7\u00c3O TANOTOPRAXIA<\/h2>\n<div class=\"su-note\"  style=\"border-color:#d6d6d6;border-radius:3px;-moz-border-radius:3px;-webkit-border-radius:3px;\"><div class=\"su-note-inner su-u-clearfix su-u-trim\" style=\"background-color:#F0F0F0;border-color:#ffffff;color:#333333;border-radius:3px;-moz-border-radius:3px;-webkit-border-radius:3px;\">\n<p><img loading=\"lazy\" decoding=\"async\" class=\"alignleft wp-image-305 size-thumbnail\" src=\"http:\/\/saocristovaofuneraria.com.br\/wp-content\/uploads\/2021\/10\/img45-150x150.png\" alt=\"\" width=\"150\" height=\"150\" srcset=\"https:\/\/saocristovaofuneraria.com.br\/wp-content\/uploads\/2021\/10\/img45-150x150.png 150w, https:\/\/saocristovaofuneraria.com.br\/wp-content\/uploads\/2021\/10\/img45.png 300w\" sizes=\"(max-width: 150px) 100vw, 150px\" \/>Nossa empresa atua com desenvoltura na realiza\u00e7\u00e3o de crema\u00e7\u00f5es ou sepultamentos em cemit\u00e9rios municipais, nacionais ou no exterior, atuando inclusive com provid\u00eancias e medidas legais cab\u00edveis referentes a procedimentos de \u00f3bitos.<\/p>\n<\/div><\/div>\n<h2>LIBERA\u00c7\u00c3O JUNTO AO IML E DEMAIS DOCUMENTOS<\/h2>\n<div class=\"su-note\"  style=\"border-color:#d6d6d6;border-radius:3px;-moz-border-radius:3px;-webkit-border-radius:3px;\"><div class=\"su-note-inner su-u-clearfix su-u-trim\" style=\"background-color:#F0F0F0;border-color:#ffffff;color:#333333;border-radius:3px;-moz-border-radius:3px;-webkit-border-radius:3px;\">\n<p><img loading=\"lazy\" decoding=\"async\" class=\"alignleft wp-image-306 size-thumbnail\" src=\"http:\/\/saocristovaofuneraria.com.br\/wp-content\/uploads\/2021\/10\/img44-150x150.png\" alt=\"\" width=\"150\" height=\"150\" srcset=\"https:\/\/saocristovaofuneraria.com.br\/wp-content\/uploads\/2021\/10\/img44-150x150.png 150w, https:\/\/saocristovaofuneraria.com.br\/wp-content\/uploads\/2021\/10\/img44.png 300w\" sizes=\"(max-width: 150px) 100vw, 150px\" \/>Atuamos junto ao IML e demais \u00f3rg\u00e3os p\u00fablicos para obter libera\u00e7\u00f5es de f\u00e9retros, providenciando as devidas documenta\u00e7\u00f5es para o sepultamento.<br \/>\nProvidenciamos ainda a documenta\u00e7\u00e3o necess\u00e1ria para libera\u00e7\u00e3o, traslado e sepultamentos em todo o Pa\u00eds e tamb\u00e9m no exterior.<\/p>\n<\/div><\/div>\n<h2>CONV\u00caNIOS EMPRESARIAIS<\/h2>\n<div class=\"su-note\"  style=\"border-color:#d6d6d6;border-radius:3px;-moz-border-radius:3px;-webkit-border-radius:3px;\"><div class=\"su-note-inner su-u-clearfix su-u-trim\" style=\"background-color:#F0F0F0;border-color:#ffffff;color:#333333;border-radius:3px;-moz-border-radius:3px;-webkit-border-radius:3px;\">\n<p><img loading=\"lazy\" decoding=\"async\" class=\"alignleft wp-image-305 size-thumbnail\" src=\"http:\/\/saocristovaofuneraria.com.br\/wp-content\/uploads\/2021\/10\/img45-150x150.png\" alt=\"\" width=\"150\" height=\"150\" srcset=\"https:\/\/saocristovaofuneraria.com.br\/wp-content\/uploads\/2021\/10\/img45-150x150.png 150w, https:\/\/saocristovaofuneraria.com.br\/wp-content\/uploads\/2021\/10\/img45.png 300w\" sizes=\"(max-width: 150px) 100vw, 150px\" \/>Mantemos conv\u00eanios de assist\u00eancia funer\u00e1ria com diversas empresas, o que gera agilidade em nossos servi\u00e7os.<\/p>\n<\/div><\/div>\n<p>&nbsp;<\/p>\n<div class=\"sec_content_main_title\" style=\"text-align:; color:#3E6B8A\"><span class=\"sub-title-head\" style=\"text-align:;\">Fale conosco<\/span>(31) 3372-3734 \/  3379-8900<\/div>\n<p>&nbsp;<\/p>\n<p><a href=\"&lt;a href=&quot;http:\/\/saocristovaofuneraria.com.br\/index.php\/contatos\/&quot;&gt;&lt;img class=&quot;alignleft wp-image-368 size-full&quot; src=&quot;http:\/\/saocristovaofuneraria.com.br\/wp-content\/uploads\/2021\/10\/banner4.jpg&quot; alt=&quot;&quot; width=&quot;900&quot; height=&quot;368&quot; \/&gt;&lt;\/a&gt;\"><img loading=\"lazy\" decoding=\"async\" class=\"alignleft wp-image-375\" src=\"http:\/\/saocristovaofuneraria.com.br\/wp-content\/uploads\/2021\/10\/banner5.jpg\" alt=\"\" width=\"900\" height=\"368\" srcset=\"https:\/\/saocristovaofuneraria.com.br\/wp-content\/uploads\/2021\/10\/banner5.jpg 900w, https:\/\/saocristovaofuneraria.com.br\/wp-content\/uploads\/2021\/10\/banner5-300x123.jpg 300w, https:\/\/saocristovaofuneraria.com.br\/wp-content\/uploads\/2021\/10\/banner5-768x314.jpg 768w\" sizes=\"(max-width: 900px) 100vw, 900px\" \/><\/a><\/p>\n","protected":false},"excerpt":{"rendered":"<p>Servi\u00e7os funer\u00e1rios e produtos oferecidos pela Assist\u00eancia Funer\u00e1ria BH MINAS: ATENDIMENTO 24 HORAS PLANOS DE ASSIST\u00caNCIA FUNERAL ] FUNERAIS MUNICIPAIS, ESTADUAIS e INTERNACIONAIS ] URNAS MORTU\u00c1RIAS E PARAMENTOS FROTA PR\u00d3PRIA SEPULTAMENTO, CREMA\u00c7\u00c3O TANOTOPRAXIA LIBERA\u00c7\u00c3O JUNTO AO IML E DEMAIS DOCUMENTOS CONV\u00caNIOS EMPRESARIAIS &nbsp; &nbsp;<\/p>\n","protected":false},"author":1,"featured_media":0,"parent":0,"menu_order":0,"comment_status":"closed","ping_status":"closed","template":"","meta":{"footnotes":""},"_links":{"self":[{"href":"https:\/\/saocristovaofuneraria.com.br\/index.php\/wp-json\/wp\/v2\/pages\/4"}],"collection":[{"href":"https:\/\/saocristovaofuneraria.com.br\/index.php\/wp-json\/wp\/v2\/pages"}],"about":[{"href":"https:\/\/saocristovaofuneraria.com.br\/index.php\/wp-json\/wp\/v2\/types\/page"}],"author":[{"embeddable":true,"href":"https:\/\/saocristovaofuneraria.com.br\/index.php\/wp-json\/wp\/v2\/users\/1"}],"replies":[{"embeddable":true,"href":"https:\/\/saocristovaofuneraria.com.br\/index.php\/wp-json\/wp\/v2\/comments?post=4"}],"version-history":[{"count":30,"href":"https:\/\/saocristovaofuneraria.com.br\/index.php\/wp-json\/wp\/v2\/pages\/4\/revisions"}],"predecessor-version":[{"id":376,"href":"https:\/\/saocristovaofuneraria.com.br\/index.php\/wp-json\/wp\/v2\/pages\/4\/revisions\/376"}],"wp:attachment":[{"href":"https:\/\/saocristovaofuneraria.com.br\/index.php\/wp-json\/wp\/v2\/media?parent=4"}],"curies":[{"name":"wp","href":"https:\/\/api.w.org\/{rel}","templated":true}]}}