{"id":47,"date":"2015-09-19T13:38:34","date_gmt":"2015-09-19T13:38:34","guid":{"rendered":"http:\/\/saocristovaofuneraria.com.br\/?page_id=47"},"modified":"2015-09-20T16:25:59","modified_gmt":"2015-09-20T16:25:59","slug":"apresentacao","status":"publish","type":"page","link":"https:\/\/saocristovaofuneraria.com.br\/","title":{"rendered":"Apresenta\u00e7\u00e3o"},"content":{"rendered":"<p>Voc\u00ea est\u00e1 na Assist\u00eancia <strong>Funer\u00e1ria BH MINAS<\/strong> on-line !<br \/>\nCom central de atendimento e v\u00e1rias filiais 24h ao seu inteiro dispor, em hospitais e em domic\u00edlios, sistema de cadastros via internet e servi\u00e7os funerarios tamb\u00e9m para n\u00e3o associados, em 06 vezes sem juros , voc\u00ea ainda tem a tranquilidade assegurada pelo\u00a0<strong>Grupo BH MINAS.<\/strong><\/p>\n<hr \/>\n<p>&nbsp;<\/p>\n<p><strong><a href=\"http:\/\/funerariabhminas.com.br\/\">Funer\u00e1ria BH MINAS: com voc\u00ea nos momentos mais dif\u00edceis<\/a>!<\/strong><\/p>\n<hr \/>\n<p>&nbsp;<\/p>\n","protected":false},"excerpt":{"rendered":"<p>Voc\u00ea est\u00e1 na Assist\u00eancia Funer\u00e1ria BH MINAS on-line ! Com central de atendimento e v\u00e1rias filiais 24h ao seu inteiro dispor, em hospitais e em domic\u00edlios, sistema de cadastros via internet e servi\u00e7os funerarios tamb\u00e9m para n\u00e3o associados, em 06 vezes sem juros , voc\u00ea ainda tem a tranquilidade assegurada pelo\u00a0Grupo BH MINAS. &nbsp; Funer\u00e1ria BH MINAS: com voc\u00ea nos momentos mais dif\u00edceis! &nbsp;<\/p>\n","protected":false},"author":1,"featured_media":0,"parent":0,"menu_order":0,"comment_status":"closed","ping_status":"closed","template":"page-templates\/business.php","meta":{"footnotes":""},"_links":{"self":[{"href":"https:\/\/saocristovaofuneraria.com.br\/index.php\/wp-json\/wp\/v2\/pages\/47"}],"collection":[{"href":"https:\/\/saocristovaofuneraria.com.br\/index.php\/wp-json\/wp\/v2\/pages"}],"about":[{"href":"https:\/\/saocristovaofuneraria.com.br\/index.php\/wp-json\/wp\/v2\/types\/page"}],"author":[{"embeddable":true,"href":"https:\/\/saocristovaofuneraria.com.br\/index.php\/wp-json\/wp\/v2\/users\/1"}],"replies":[{"embeddable":true,"href":"https:\/\/saocristovaofuneraria.com.br\/index.php\/wp-json\/wp\/v2\/comments?post=47"}],"version-history":[{"count":3,"href":"https:\/\/saocristovaofuneraria.com.br\/index.php\/wp-json\/wp\/v2\/pages\/47\/revisions"}],"predecessor-version":[{"id":124,"href":"https:\/\/saocristovaofuneraria.com.br\/index.php\/wp-json\/wp\/v2\/pages\/47\/revisions\/124"}],"wp:attachment":[{"href":"https:\/\/saocristovaofuneraria.com.br\/index.php\/wp-json\/wp\/v2\/media?parent=47"}],"curies":[{"name":"wp","href":"https:\/\/api.w.org\/{rel}","templated":true}]}}